{"id":36,"date":"2023-05-23T07:24:33","date_gmt":"2023-05-23T05:24:33","guid":{"rendered":"https:\/\/logistics.unileoben.ac.at\/GreenLogistics\/hestia-front\/"},"modified":"2023-07-10T10:28:39","modified_gmt":"2023-07-10T08:28:39","slug":"hestia-front","status":"publish","type":"page","link":"https:\/\/logistics.unileoben.ac.at\/GreenLogistics\/","title":{"rendered":"CO2-Reduktion im industriellen G\u00fcterverkehr"},"content":{"rendered":"\n<div style=\"height:100px\"><\/div>\n\n\n\n<h3 class=\"wp-block-heading\">CO<sub>2<\/sub>-Reduktion im industriellen G\u00fcterverkerkehr<\/h3>\n\n\n\n<figure class=\"wp-block-image size-large\"><img loading=\"lazy\" decoding=\"async\" width=\"1024\" height=\"420\" src=\"https:\/\/logistics.unileoben.ac.at\/GreenLogistics\/wp-content\/uploads\/2023\/07\/green_logistics-1024x420.png\" alt=\"\" class=\"wp-image-98\" srcset=\"https:\/\/logistics.unileoben.ac.at\/GreenLogistics\/wp-content\/uploads\/2023\/07\/green_logistics-1024x420.png 1024w, https:\/\/logistics.unileoben.ac.at\/GreenLogistics\/wp-content\/uploads\/2023\/07\/green_logistics-300x123.png 300w, https:\/\/logistics.unileoben.ac.at\/GreenLogistics\/wp-content\/uploads\/2023\/07\/green_logistics-768x315.png 768w, https:\/\/logistics.unileoben.ac.at\/GreenLogistics\/wp-content\/uploads\/2023\/07\/green_logistics-1536x630.png 1536w, https:\/\/logistics.unileoben.ac.at\/GreenLogistics\/wp-content\/uploads\/2023\/07\/green_logistics-2048x840.png 2048w\" sizes=\"auto, (max-width: 1024px) 100vw, 1024px\" \/><\/figure>\n\n\n\n<p>Auf dieser Homepage finden Sie eine Sammlung von wissenschaftlichen Artikeln, Fallstudien und Tools bez\u00fcglich der Reduktion von CO<sub>2<\/sub>-Emissionen im G\u00fcterverkehr der produzierenden Industrie. <\/p>\n\n\n\n<p>Die Forschung, die im Zuge der Erstellung dieser Homepage betrieben wurde, wurde gro\u00dfteils aus dem vom Land Steiermark, Abteilung 8 Gesundheit, Pflege und Wissenschaft, Referat f\u00fcr Wissenschaft und Forschung gef\u00f6rderten Projekt &#8222;GreenLog_DSS&#8220; finanziert. <\/p>\n\n\n\n<p>Insofern dient diese Seite dem Ziel, produzierenden Unternehmen eine Entscheidungsunterst\u00fctzung zu bieten, um die Emissionen in ihren notwendigen Transportprozessen zu bieten. Daf\u00fcr wurde ein bereits entwickelter Strategieentwicklungs-Ansatz f\u00fcr die Industrielogistik detailliert:<\/p>\n\n\n\n<div class=\"wp-block-buttons is-content-justification-center is-layout-flex wp-container-core-buttons-is-layout-16018d1d wp-block-buttons-is-layout-flex\">\n<div class=\"wp-block-button\"><a class=\"wp-block-button__link wp-element-button\" href=\"https:\/\/logistics.unileoben.ac.at\/GreenLogistics\/dekarbonisierungs-strategie\/\">Leitfaden zur Reduktion von Emissionen der Industrielogistik<\/a><\/div>\n<\/div>\n\n\n\n<div style=\"height: 25px;\"><\/div>\n\n\n\n<p>Dies geschieht \u00fcber eine umfassende Information \u00fcber <a href=\"https:\/\/logistics.unileoben.ac.at\/GreenLogistics\/fallstudien\/\" data-type=\"page\" data-id=\"18\">wissenschaftlich untersuchte Fallstudien<\/a>, eine Pr\u00e4sentation <a href=\"https:\/\/logistics.unileoben.ac.at\/GreenLogistics\/category\/eigene-publikationen\/\" data-type=\"category\" data-id=\"4\">aktueller emprischer Forschungsergebnisse<\/a> sowie die <a href=\"https:\/\/logistics.unileoben.ac.at\/GreenLogistics\/tools\/\" data-type=\"page\" data-id=\"142\">Zurverf\u00fcgungstellung von hands-on Tools f\u00fcr Praktiker<\/a>. Vor allem letztere k\u00f6nnen zeitnah von Unternehmen eingesetzt werden, um Ma\u00dfnahmen zu priorisieren, Emissionen zu bewerten und neue Reduktionspotentiale aufzudecken.<\/p>\n\n\n\n<div style=\"height: 25px;\"><\/div>\n\n\n\n<div class=\"wp-block-columns is-layout-flex wp-container-core-columns-is-layout-9d6595d7 wp-block-columns-is-layout-flex\">\n<div class=\"wp-block-column is-layout-flow wp-block-column-is-layout-flow\">\n<div class=\"wp-block-buttons is-content-justification-center is-layout-flex wp-container-core-buttons-is-layout-16018d1d wp-block-buttons-is-layout-flex\">\n<div class=\"wp-block-button\"><a class=\"wp-block-button__link wp-element-button\" href=\"https:\/\/logistics.unileoben.ac.at\/GreenLogistics\/dekarbonisierungs-strategien\/\">Ma\u00dfnahmen entdecken<\/a><\/div>\n<\/div>\n<\/div>\n\n\n\n<div class=\"wp-block-column is-layout-flow wp-block-column-is-layout-flow\">\n<div class=\"wp-block-buttons is-content-justification-center is-layout-flex wp-container-core-buttons-is-layout-16018d1d wp-block-buttons-is-layout-flex\">\n<div class=\"wp-block-button\"><a class=\"wp-block-button__link wp-element-button\" href=\"https:\/\/logistics.unileoben.ac.at\/GreenLogistics\/tools\/\">Entwickelte Tools entdecken<\/a><\/div>\n<\/div>\n<\/div>\n\n\n\n<div class=\"wp-block-column is-layout-flow wp-block-column-is-layout-flow\">\n<div class=\"wp-block-buttons is-content-justification-center is-layout-flex wp-container-core-buttons-is-layout-16018d1d wp-block-buttons-is-layout-flex\">\n<div class=\"wp-block-button\"><a class=\"wp-block-button__link wp-element-button\" href=\"https:\/\/logistics.unileoben.ac.at\/GreenLogistics\/category\/eigene-publikationen\/\">Publikationen entdecken<\/a><\/div>\n<\/div>\n<\/div>\n<\/div>\n\n\n\n<div style=\"height: 25px;\"><\/div>\n\n\n\n<div class=\"wp-block-columns is-layout-flex wp-container-core-columns-is-layout-9d6595d7 wp-block-columns-is-layout-flex\">\n<div class=\"wp-block-column is-layout-flow wp-block-column-is-layout-flow\">\n<figure class=\"wp-block-image size-full logo-sm\"><a href=\"https:\/\/industrielogistik.unileoben.ac.at\"><img loading=\"lazy\" decoding=\"async\" width=\"1550\" height=\"1660\" src=\"https:\/\/logistics.unileoben.ac.at\/GreenLogistics\/wp-content\/uploads\/2023\/07\/20200324-Logo-IL-neue-Farbe.jpg\" alt=\"\" class=\"wp-image-205\" srcset=\"https:\/\/logistics.unileoben.ac.at\/GreenLogistics\/wp-content\/uploads\/2023\/07\/20200324-Logo-IL-neue-Farbe.jpg 1550w, https:\/\/logistics.unileoben.ac.at\/GreenLogistics\/wp-content\/uploads\/2023\/07\/20200324-Logo-IL-neue-Farbe-280x300.jpg 280w, https:\/\/logistics.unileoben.ac.at\/GreenLogistics\/wp-content\/uploads\/2023\/07\/20200324-Logo-IL-neue-Farbe-956x1024.jpg 956w, https:\/\/logistics.unileoben.ac.at\/GreenLogistics\/wp-content\/uploads\/2023\/07\/20200324-Logo-IL-neue-Farbe-768x823.jpg 768w, https:\/\/logistics.unileoben.ac.at\/GreenLogistics\/wp-content\/uploads\/2023\/07\/20200324-Logo-IL-neue-Farbe-1434x1536.jpg 1434w\" sizes=\"auto, (max-width: 1550px) 100vw, 1550px\" \/><\/a><\/figure>\n<\/div>\n\n\n\n<div class=\"wp-block-column is-layout-flow wp-block-column-is-layout-flow\">\n<figure class=\"wp-block-image size-large\"><a href=\"https:\/\/www.unileoben.ac.at\"><img loading=\"lazy\" decoding=\"async\" width=\"1024\" height=\"350\" src=\"https:\/\/logistics.unileoben.ac.at\/GreenLogistics\/wp-content\/uploads\/2023\/07\/Q4.1_100_9-1024x350.jpg\" alt=\"\" class=\"wp-image-210\" srcset=\"https:\/\/logistics.unileoben.ac.at\/GreenLogistics\/wp-content\/uploads\/2023\/07\/Q4.1_100_9-1024x350.jpg 1024w, https:\/\/logistics.unileoben.ac.at\/GreenLogistics\/wp-content\/uploads\/2023\/07\/Q4.1_100_9-300x102.jpg 300w, https:\/\/logistics.unileoben.ac.at\/GreenLogistics\/wp-content\/uploads\/2023\/07\/Q4.1_100_9-768x262.jpg 768w, https:\/\/logistics.unileoben.ac.at\/GreenLogistics\/wp-content\/uploads\/2023\/07\/Q4.1_100_9-1536x525.jpg 1536w, https:\/\/logistics.unileoben.ac.at\/GreenLogistics\/wp-content\/uploads\/2023\/07\/Q4.1_100_9.jpg 1850w\" sizes=\"auto, (max-width: 1024px) 100vw, 1024px\" \/><\/a><\/figure>\n<\/div>\n\n\n\n<div class=\"wp-block-column is-layout-flow wp-block-column-is-layout-flow\">\n<figure class=\"wp-block-image size-large\"><img loading=\"lazy\" decoding=\"async\" width=\"1024\" height=\"680\" src=\"https:\/\/logistics.unileoben.ac.at\/GreenLogistics\/wp-content\/uploads\/2023\/07\/A12_Wirtschaft_Tourismus_Wissenschaft_u_Forschung_4C-1024x680.jpg\" alt=\"\" class=\"wp-image-209\" srcset=\"https:\/\/logistics.unileoben.ac.at\/GreenLogistics\/wp-content\/uploads\/2023\/07\/A12_Wirtschaft_Tourismus_Wissenschaft_u_Forschung_4C-1024x680.jpg 1024w, https:\/\/logistics.unileoben.ac.at\/GreenLogistics\/wp-content\/uploads\/2023\/07\/A12_Wirtschaft_Tourismus_Wissenschaft_u_Forschung_4C-300x199.jpg 300w, https:\/\/logistics.unileoben.ac.at\/GreenLogistics\/wp-content\/uploads\/2023\/07\/A12_Wirtschaft_Tourismus_Wissenschaft_u_Forschung_4C-768x510.jpg 768w, https:\/\/logistics.unileoben.ac.at\/GreenLogistics\/wp-content\/uploads\/2023\/07\/A12_Wirtschaft_Tourismus_Wissenschaft_u_Forschung_4C-1536x1019.jpg 1536w, https:\/\/logistics.unileoben.ac.at\/GreenLogistics\/wp-content\/uploads\/2023\/07\/A12_Wirtschaft_Tourismus_Wissenschaft_u_Forschung_4C.jpg 1653w\" sizes=\"auto, (max-width: 1024px) 100vw, 1024px\" \/><\/figure>\n<\/div>\n<\/div>\n","protected":false},"excerpt":{"rendered":"<p>CO2-Reduktion im industriellen G\u00fcterverkerkehr Auf dieser Homepage finden Sie eine Sammlung von wissenschaftlichen Artikeln, Fallstudien und Tools bez\u00fcglich der Reduktion<\/p>\n","protected":false},"author":1,"featured_media":0,"parent":0,"menu_order":0,"comment_status":"closed","ping_status":"closed","template":"full-width.php","meta":{"footnotes":""},"class_list":["post-36","page","type-page","status-publish","hentry"],"_links":{"self":[{"href":"https:\/\/logistics.unileoben.ac.at\/GreenLogistics\/wp-json\/wp\/v2\/pages\/36","targetHints":{"allow":["GET"]}}],"collection":[{"href":"https:\/\/logistics.unileoben.ac.at\/GreenLogistics\/wp-json\/wp\/v2\/pages"}],"about":[{"href":"https:\/\/logistics.unileoben.ac.at\/GreenLogistics\/wp-json\/wp\/v2\/types\/page"}],"author":[{"embeddable":true,"href":"https:\/\/logistics.unileoben.ac.at\/GreenLogistics\/wp-json\/wp\/v2\/users\/1"}],"replies":[{"embeddable":true,"href":"https:\/\/logistics.unileoben.ac.at\/GreenLogistics\/wp-json\/wp\/v2\/comments?post=36"}],"version-history":[{"count":18,"href":"https:\/\/logistics.unileoben.ac.at\/GreenLogistics\/wp-json\/wp\/v2\/pages\/36\/revisions"}],"predecessor-version":[{"id":387,"href":"https:\/\/logistics.unileoben.ac.at\/GreenLogistics\/wp-json\/wp\/v2\/pages\/36\/revisions\/387"}],"wp:attachment":[{"href":"https:\/\/logistics.unileoben.ac.at\/GreenLogistics\/wp-json\/wp\/v2\/media?parent=36"}],"curies":[{"name":"wp","href":"https:\/\/api.w.org\/{rel}","templated":true}]}}