{"id":18,"date":"2023-05-22T17:34:11","date_gmt":"2023-05-22T15:34:11","guid":{"rendered":"https:\/\/logistics.unileoben.ac.at\/GreenLogistics\/?page_id=18"},"modified":"2023-07-05T10:36:26","modified_gmt":"2023-07-05T08:36:26","slug":"fallstudien","status":"publish","type":"page","link":"https:\/\/logistics.unileoben.ac.at\/GreenLogistics\/fallstudien\/","title":{"rendered":"Fallstudien"},"content":{"rendered":"\n<p>Hier finden Sie umfangreiche und detaillierte Untersuchungen, die auf wissenschaftlichen Erkenntnissen basieren. Die Fallstudien bieten Einblicke in reale Szenarien und pr\u00e4sentieren fundierte Analysen zu verschiedenen Aspekten der Dekarbonisierung der Industrielogistik. Erfahren Sie, wie Unternehmen erfolgreich Emissionsreduktionen in ihren logistischen Prozessen erreicht haben. <\/p>\n\n\n\n<div class=\"wp-block-query is-layout-flow wp-block-query-is-layout-flow\"><ul class=\"wp-block-post-template is-layout-flow wp-block-post-template-is-layout-flow\"><li class=\"wp-block-post post-63 post type-post status-publish format-standard has-post-thumbnail hentry category-fallstudien tag-verlagerung-auf-die-schiene tag-verlagerung-auf-kuestennahe-schifffahrt tag-verringerung-des-gewichts-von-ladungstraegern-oder-verpackungen\">\n\n<div class=\"wp-block-columns alignwide is-layout-flex wp-container-core-columns-is-layout-9d6595d7 wp-block-columns-is-layout-flex\">\n<div class=\"wp-block-column is-layout-flow wp-block-column-is-layout-flow\" style=\"flex-basis:66.66%\"><figure class=\"wp-block-post-featured-image\"><a href=\"https:\/\/logistics.unileoben.ac.at\/GreenLogistics\/2023\/05\/23\/bigbags-im-weintransport\/\" target=\"_self\"  ><img loading=\"lazy\" decoding=\"async\" width=\"2045\" height=\"1758\" src=\"https:\/\/logistics.unileoben.ac.at\/GreenLogistics\/wp-content\/uploads\/2023\/05\/Flexitank.jpg\" class=\"attachment-post-thumbnail size-post-thumbnail wp-post-image\" alt=\"Flexitanks im Weintransport\" style=\"object-fit:cover;\" srcset=\"https:\/\/logistics.unileoben.ac.at\/GreenLogistics\/wp-content\/uploads\/2023\/05\/Flexitank.jpg 2045w, https:\/\/logistics.unileoben.ac.at\/GreenLogistics\/wp-content\/uploads\/2023\/05\/Flexitank-300x258.jpg 300w, https:\/\/logistics.unileoben.ac.at\/GreenLogistics\/wp-content\/uploads\/2023\/05\/Flexitank-1024x880.jpg 1024w, https:\/\/logistics.unileoben.ac.at\/GreenLogistics\/wp-content\/uploads\/2023\/05\/Flexitank-768x660.jpg 768w, https:\/\/logistics.unileoben.ac.at\/GreenLogistics\/wp-content\/uploads\/2023\/05\/Flexitank-1536x1320.jpg 1536w\" sizes=\"auto, (max-width: 2045px) 100vw, 2045px\" \/><\/a><\/figure><\/div>\n\n\n\n<div class=\"wp-block-column is-layout-flow wp-block-column-is-layout-flow\" style=\"flex-basis:33.33%\"><h2 class=\"wp-block-post-title\"><a href=\"https:\/\/logistics.unileoben.ac.at\/GreenLogistics\/2023\/05\/23\/bigbags-im-weintransport\/\" target=\"_self\" >Flexitanks im Weintransport<\/a><\/h2>\n\n<div class=\"wp-block-post-excerpt\"><p class=\"wp-block-post-excerpt__excerpt\">Diese Studie untersucht die Dekarbonisierung des G\u00fctertransports im Zusammenhang mit Weinimporten aus Norditalien und S\u00fcdostaustralien in das Vereinigte K\u00f6nigreich. Im <\/p><\/div><\/div>\n<\/div>\n\n<\/li><\/ul><\/div>\n","protected":false},"excerpt":{"rendered":"<p>Hier finden Sie umfangreiche und detaillierte Untersuchungen, die auf wissenschaftlichen Erkenntnissen basieren. Die Fallstudien bieten Einblicke in reale Szenarien und<\/p>\n","protected":false},"author":1,"featured_media":0,"parent":0,"menu_order":0,"comment_status":"closed","ping_status":"closed","template":"full-width.php","meta":{"footnotes":""},"class_list":["post-18","page","type-page","status-publish","hentry"],"_links":{"self":[{"href":"https:\/\/logistics.unileoben.ac.at\/GreenLogistics\/wp-json\/wp\/v2\/pages\/18","targetHints":{"allow":["GET"]}}],"collection":[{"href":"https:\/\/logistics.unileoben.ac.at\/GreenLogistics\/wp-json\/wp\/v2\/pages"}],"about":[{"href":"https:\/\/logistics.unileoben.ac.at\/GreenLogistics\/wp-json\/wp\/v2\/types\/page"}],"author":[{"embeddable":true,"href":"https:\/\/logistics.unileoben.ac.at\/GreenLogistics\/wp-json\/wp\/v2\/users\/1"}],"replies":[{"embeddable":true,"href":"https:\/\/logistics.unileoben.ac.at\/GreenLogistics\/wp-json\/wp\/v2\/comments?post=18"}],"version-history":[{"count":3,"href":"https:\/\/logistics.unileoben.ac.at\/GreenLogistics\/wp-json\/wp\/v2\/pages\/18\/revisions"}],"predecessor-version":[{"id":187,"href":"https:\/\/logistics.unileoben.ac.at\/GreenLogistics\/wp-json\/wp\/v2\/pages\/18\/revisions\/187"}],"wp:attachment":[{"href":"https:\/\/logistics.unileoben.ac.at\/GreenLogistics\/wp-json\/wp\/v2\/media?parent=18"}],"curies":[{"name":"wp","href":"https:\/\/api.w.org\/{rel}","templated":true}]}}