{"id":16,"date":"2023-05-22T17:32:34","date_gmt":"2023-05-22T15:32:34","guid":{"rendered":"https:\/\/logistics.unileoben.ac.at\/GreenLogistics\/?page_id=16"},"modified":"2023-07-05T10:36:01","modified_gmt":"2023-07-05T08:36:01","slug":"forschung","status":"publish","type":"page","link":"https:\/\/logistics.unileoben.ac.at\/GreenLogistics\/forschung\/","title":{"rendered":"Forschung"},"content":{"rendered":"\n<p>Hier stellen wir Ihnen unsere eigenen Studien und deren Erkenntnisse f\u00fcr das Logistikmanagement vor, die sich mit der Reduzierung von Treibhausgasemissionen in der Logistikbranche besch\u00e4ftigen. Tauchen Sie ein in aktuelle Forschungsergebnisse und lassen Sie sich von den M\u00f6glichkeiten inspirieren, wie wir gemeinsam die Industrielogistik in eine nachhaltigere Zukunft f\u00fchren k\u00f6nnen. Erfahren Sie, wie wir den Wandel vorantreiben und die Branche dazu ermutigen, umweltfreundliche Praktiken zu implementieren, um Emissionen zu reduzieren und gleichzeitig Effizienz und Wettbewerbsf\u00e4higkeit zu steigern.<\/p>\n\n\n\n<div class=\"wp-block-query is-layout-flow wp-block-query-is-layout-flow\">\n<div class=\"wp-block-group\"><div class=\"wp-block-group__inner-container is-layout-constrained wp-block-group-is-layout-constrained\"><ul class=\"wp-block-post-template is-layout-flow wp-block-post-template-is-layout-flow\"><li class=\"wp-block-post post-147 post type-post status-publish format-standard has-post-thumbnail hentry category-eigene-publikationen category-tools\">\n\n<div class=\"wp-block-columns alignwide is-layout-flex wp-container-core-columns-is-layout-9d6595d7 wp-block-columns-is-layout-flex\">\n<div class=\"wp-block-column is-layout-flow wp-block-column-is-layout-flow\" style=\"flex-basis:66.66%\"><figure class=\"wp-block-post-featured-image\"><a href=\"https:\/\/logistics.unileoben.ac.at\/GreenLogistics\/2023\/06\/23\/evaluierung-von-massnahmen\/\" target=\"_self\"  ><img loading=\"lazy\" decoding=\"async\" width=\"1680\" height=\"1000\" src=\"https:\/\/logistics.unileoben.ac.at\/GreenLogistics\/wp-content\/uploads\/2023\/07\/great_log_exemplar.png\" class=\"attachment-post-thumbnail size-post-thumbnail wp-post-image\" alt=\"Tool zur Evaluierung von CO2-senkenden Ma\u00dfnahmen\" style=\"object-fit:cover;\" srcset=\"https:\/\/logistics.unileoben.ac.at\/GreenLogistics\/wp-content\/uploads\/2023\/07\/great_log_exemplar.png 1680w, https:\/\/logistics.unileoben.ac.at\/GreenLogistics\/wp-content\/uploads\/2023\/07\/great_log_exemplar-300x179.png 300w, https:\/\/logistics.unileoben.ac.at\/GreenLogistics\/wp-content\/uploads\/2023\/07\/great_log_exemplar-1024x610.png 1024w, https:\/\/logistics.unileoben.ac.at\/GreenLogistics\/wp-content\/uploads\/2023\/07\/great_log_exemplar-768x457.png 768w, https:\/\/logistics.unileoben.ac.at\/GreenLogistics\/wp-content\/uploads\/2023\/07\/great_log_exemplar-1536x914.png 1536w\" sizes=\"auto, (max-width: 1680px) 100vw, 1680px\" \/><\/a><\/figure><\/div>\n\n\n\n<div class=\"wp-block-column is-layout-flow wp-block-column-is-layout-flow\" style=\"flex-basis:33.33%\"><h2 class=\"wp-block-post-title\"><a href=\"https:\/\/logistics.unileoben.ac.at\/GreenLogistics\/2023\/06\/23\/evaluierung-von-massnahmen\/\" target=\"_self\" >Tool zur Evaluierung von CO2-senkenden Ma\u00dfnahmen<\/a><\/h2>\n\n<div class=\"wp-block-post-excerpt\"><p class=\"wp-block-post-excerpt__excerpt\">Im Zuge einer Studie wurde ein Tool entwickelt, das Entscheidungstr\u00e4ger in produzierenden Unternehmen dabei unterst\u00fctzt, die vielversprechendsten unternehmensbezogenen Ma\u00dfnahmen f\u00fcr<\/p><p class=\"wp-block-post-excerpt__more-text\"><a class=\"wp-block-post-excerpt__more-link\" href=\"https:\/\/logistics.unileoben.ac.at\/GreenLogistics\/2023\/06\/23\/evaluierung-von-massnahmen\/\">Mehr erfahren<\/a><\/p><\/div><\/div>\n<\/div>\n\n<\/li><li class=\"wp-block-post post-82 post type-post status-publish format-standard has-post-thumbnail hentry category-eigene-publikationen\">\n\n<div class=\"wp-block-columns alignwide is-layout-flex wp-container-core-columns-is-layout-9d6595d7 wp-block-columns-is-layout-flex\">\n<div class=\"wp-block-column is-layout-flow wp-block-column-is-layout-flow\" style=\"flex-basis:66.66%\"><figure class=\"wp-block-post-featured-image\"><a href=\"https:\/\/logistics.unileoben.ac.at\/GreenLogistics\/2023\/06\/13\/oesterreichische-initiativen-zur-reduktion-von-emissionen-im-gueterverkehr-und-der-industrielogistik-eine-studie\/\" target=\"_self\"  ><img loading=\"lazy\" decoding=\"async\" width=\"2560\" height=\"1440\" src=\"https:\/\/logistics.unileoben.ac.at\/GreenLogistics\/wp-content\/uploads\/2023\/06\/2023_survey_austria.png\" class=\"attachment-post-thumbnail size-post-thumbnail wp-post-image\" alt=\"Status Quo im \u00f6sterreichischen G\u00fcterverkehr\" style=\"object-fit:cover;\" srcset=\"https:\/\/logistics.unileoben.ac.at\/GreenLogistics\/wp-content\/uploads\/2023\/06\/2023_survey_austria.png 2560w, https:\/\/logistics.unileoben.ac.at\/GreenLogistics\/wp-content\/uploads\/2023\/06\/2023_survey_austria-300x169.png 300w, https:\/\/logistics.unileoben.ac.at\/GreenLogistics\/wp-content\/uploads\/2023\/06\/2023_survey_austria-1024x576.png 1024w, https:\/\/logistics.unileoben.ac.at\/GreenLogistics\/wp-content\/uploads\/2023\/06\/2023_survey_austria-768x432.png 768w, https:\/\/logistics.unileoben.ac.at\/GreenLogistics\/wp-content\/uploads\/2023\/06\/2023_survey_austria-1536x864.png 1536w, https:\/\/logistics.unileoben.ac.at\/GreenLogistics\/wp-content\/uploads\/2023\/06\/2023_survey_austria-2048x1152.png 2048w\" sizes=\"auto, (max-width: 2560px) 100vw, 2560px\" \/><\/a><\/figure><\/div>\n\n\n\n<div class=\"wp-block-column is-layout-flow wp-block-column-is-layout-flow\" style=\"flex-basis:33.33%\"><h2 class=\"wp-block-post-title\"><a href=\"https:\/\/logistics.unileoben.ac.at\/GreenLogistics\/2023\/06\/13\/oesterreichische-initiativen-zur-reduktion-von-emissionen-im-gueterverkehr-und-der-industrielogistik-eine-studie\/\" target=\"_self\" >Status Quo im \u00f6sterreichischen G\u00fcterverkehr<\/a><\/h2>\n\n<div class=\"wp-block-post-excerpt\"><p class=\"wp-block-post-excerpt__excerpt\">In Anbetracht des wachsenden Bewusstseins von Kunden, Aktion\u00e4ren und Mitarbeitern f\u00fcr den Klimawandel stehen europ\u00e4ische Unternehmen vor einem sich \u00e4ndernden<\/p><p class=\"wp-block-post-excerpt__more-text\"><a class=\"wp-block-post-excerpt__more-link\" href=\"https:\/\/logistics.unileoben.ac.at\/GreenLogistics\/2023\/06\/13\/oesterreichische-initiativen-zur-reduktion-von-emissionen-im-gueterverkehr-und-der-industrielogistik-eine-studie\/\">Mehr erfahren<\/a><\/p><\/div><\/div>\n<\/div>\n\n<\/li><li class=\"wp-block-post post-383 post type-post status-publish format-standard has-post-thumbnail hentry category-eigene-publikationen\">\n\n<div class=\"wp-block-columns alignwide is-layout-flex wp-container-core-columns-is-layout-9d6595d7 wp-block-columns-is-layout-flex\">\n<div class=\"wp-block-column is-layout-flow wp-block-column-is-layout-flow\" style=\"flex-basis:66.66%\"><figure class=\"wp-block-post-featured-image\"><a href=\"https:\/\/logistics.unileoben.ac.at\/GreenLogistics\/2022\/12\/14\/bericht-ueber-die-forschung-2022\/\" target=\"_self\"  ><img loading=\"lazy\" decoding=\"async\" width=\"860\" height=\"615\" src=\"https:\/\/logistics.unileoben.ac.at\/GreenLogistics\/wp-content\/uploads\/2022\/12\/wing_beitrag.png\" class=\"attachment-post-thumbnail size-post-thumbnail wp-post-image\" alt=\"Bericht \u00fcber die Forschung 2022\" style=\"object-fit:cover;\" srcset=\"https:\/\/logistics.unileoben.ac.at\/GreenLogistics\/wp-content\/uploads\/2022\/12\/wing_beitrag.png 860w, https:\/\/logistics.unileoben.ac.at\/GreenLogistics\/wp-content\/uploads\/2022\/12\/wing_beitrag-300x215.png 300w, https:\/\/logistics.unileoben.ac.at\/GreenLogistics\/wp-content\/uploads\/2022\/12\/wing_beitrag-768x549.png 768w\" sizes=\"auto, (max-width: 860px) 100vw, 860px\" \/><\/a><\/figure><\/div>\n\n\n\n<div class=\"wp-block-column is-layout-flow wp-block-column-is-layout-flow\" style=\"flex-basis:33.33%\"><h2 class=\"wp-block-post-title\"><a href=\"https:\/\/logistics.unileoben.ac.at\/GreenLogistics\/2022\/12\/14\/bericht-ueber-die-forschung-2022\/\" target=\"_self\" >Bericht \u00fcber die Forschung 2022<\/a><\/h2>\n\n<div class=\"wp-block-post-excerpt\"><p class=\"wp-block-post-excerpt__excerpt\">Im WINGbusiness Heft 04\/2022 haben wir unsere Forschung aus dem Jahr 2022 zum Thema CO2-Reduktion in der Logistik popul\u00e4rwissenschaftlich zusammengefasst.<\/p><p class=\"wp-block-post-excerpt__more-text\"><a class=\"wp-block-post-excerpt__more-link\" href=\"https:\/\/logistics.unileoben.ac.at\/GreenLogistics\/2022\/12\/14\/bericht-ueber-die-forschung-2022\/\">Mehr erfahren<\/a><\/p><\/div><\/div>\n<\/div>\n\n<\/li><li class=\"wp-block-post post-77 post type-post status-publish format-standard has-post-thumbnail hentry category-eigene-publikationen\">\n\n<div class=\"wp-block-columns alignwide is-layout-flex wp-container-core-columns-is-layout-9d6595d7 wp-block-columns-is-layout-flex\">\n<div class=\"wp-block-column is-layout-flow wp-block-column-is-layout-flow\" style=\"flex-basis:66.66%\"><figure class=\"wp-block-post-featured-image\"><a href=\"https:\/\/logistics.unileoben.ac.at\/GreenLogistics\/2022\/11\/14\/die-transportintensiven-branchen-oesterreichs-und-deren-emissionen\/\" target=\"_self\"  ><img loading=\"lazy\" decoding=\"async\" width=\"4018\" height=\"2282\" src=\"https:\/\/logistics.unileoben.ac.at\/GreenLogistics\/wp-content\/uploads\/2023\/06\/sustainability-14-15050-g002.png\" class=\"attachment-post-thumbnail size-post-thumbnail wp-post-image\" alt=\"Die transportintensiven Branchen \u00d6sterreichs und deren Emissionen\" style=\"object-fit:cover;\" srcset=\"https:\/\/logistics.unileoben.ac.at\/GreenLogistics\/wp-content\/uploads\/2023\/06\/sustainability-14-15050-g002.png 4018w, https:\/\/logistics.unileoben.ac.at\/GreenLogistics\/wp-content\/uploads\/2023\/06\/sustainability-14-15050-g002-300x170.png 300w, https:\/\/logistics.unileoben.ac.at\/GreenLogistics\/wp-content\/uploads\/2023\/06\/sustainability-14-15050-g002-1024x582.png 1024w, https:\/\/logistics.unileoben.ac.at\/GreenLogistics\/wp-content\/uploads\/2023\/06\/sustainability-14-15050-g002-768x436.png 768w, https:\/\/logistics.unileoben.ac.at\/GreenLogistics\/wp-content\/uploads\/2023\/06\/sustainability-14-15050-g002-1536x872.png 1536w, https:\/\/logistics.unileoben.ac.at\/GreenLogistics\/wp-content\/uploads\/2023\/06\/sustainability-14-15050-g002-2048x1163.png 2048w\" sizes=\"auto, (max-width: 4018px) 100vw, 4018px\" \/><\/a><\/figure><\/div>\n\n\n\n<div class=\"wp-block-column is-layout-flow wp-block-column-is-layout-flow\" style=\"flex-basis:33.33%\"><h2 class=\"wp-block-post-title\"><a href=\"https:\/\/logistics.unileoben.ac.at\/GreenLogistics\/2022\/11\/14\/die-transportintensiven-branchen-oesterreichs-und-deren-emissionen\/\" target=\"_self\" >Die transportintensiven Branchen \u00d6sterreichs und deren Emissionen<\/a><\/h2>\n\n<div class=\"wp-block-post-excerpt\"><p class=\"wp-block-post-excerpt__excerpt\">In dieser Studie pr\u00e4sentieren die Autoren eine Methode, um die transportintensiven Sektoren eines Landes zu identifizieren und ihre Emissionsstrukturen zu<\/p><p class=\"wp-block-post-excerpt__more-text\"><a class=\"wp-block-post-excerpt__more-link\" href=\"https:\/\/logistics.unileoben.ac.at\/GreenLogistics\/2022\/11\/14\/die-transportintensiven-branchen-oesterreichs-und-deren-emissionen\/\">Mehr erfahren<\/a><\/p><\/div><\/div>\n<\/div>\n\n<\/li><li class=\"wp-block-post post-22 post type-post status-publish format-standard has-post-thumbnail hentry category-eigene-publikationen\">\n\n<div class=\"wp-block-columns alignwide is-layout-flex wp-container-core-columns-is-layout-9d6595d7 wp-block-columns-is-layout-flex\">\n<div class=\"wp-block-column is-layout-flow wp-block-column-is-layout-flow\" style=\"flex-basis:66.66%\"><figure class=\"wp-block-post-featured-image\"><a href=\"https:\/\/logistics.unileoben.ac.at\/GreenLogistics\/2022\/07\/06\/dekarbonisierung-des-gueterverkehrs-ein-ganzheitlicher-rahmen-fuer-produzierende-unternehmen\/\" target=\"_self\"  ><img loading=\"lazy\" decoding=\"async\" width=\"2560\" height=\"1600\" src=\"https:\/\/logistics.unileoben.ac.at\/GreenLogistics\/wp-content\/uploads\/2023\/05\/Journalofcleanerproduction_Framework-scaled.jpg\" class=\"attachment-post-thumbnail size-post-thumbnail wp-post-image\" alt=\"Ma\u00dfnahmen zur Reduktion von Emissionen in der Industrielogistik\" style=\"object-fit:cover;\" srcset=\"https:\/\/logistics.unileoben.ac.at\/GreenLogistics\/wp-content\/uploads\/2023\/05\/Journalofcleanerproduction_Framework-scaled.jpg 2560w, https:\/\/logistics.unileoben.ac.at\/GreenLogistics\/wp-content\/uploads\/2023\/05\/Journalofcleanerproduction_Framework-300x187.jpg 300w, https:\/\/logistics.unileoben.ac.at\/GreenLogistics\/wp-content\/uploads\/2023\/05\/Journalofcleanerproduction_Framework-1024x640.jpg 1024w, https:\/\/logistics.unileoben.ac.at\/GreenLogistics\/wp-content\/uploads\/2023\/05\/Journalofcleanerproduction_Framework-768x480.jpg 768w, https:\/\/logistics.unileoben.ac.at\/GreenLogistics\/wp-content\/uploads\/2023\/05\/Journalofcleanerproduction_Framework-1536x960.jpg 1536w, https:\/\/logistics.unileoben.ac.at\/GreenLogistics\/wp-content\/uploads\/2023\/05\/Journalofcleanerproduction_Framework-2048x1280.jpg 2048w\" sizes=\"auto, (max-width: 2560px) 100vw, 2560px\" \/><\/a><\/figure><\/div>\n\n\n\n<div class=\"wp-block-column is-layout-flow wp-block-column-is-layout-flow\" style=\"flex-basis:33.33%\"><h2 class=\"wp-block-post-title\"><a href=\"https:\/\/logistics.unileoben.ac.at\/GreenLogistics\/2022\/07\/06\/dekarbonisierung-des-gueterverkehrs-ein-ganzheitlicher-rahmen-fuer-produzierende-unternehmen\/\" target=\"_self\" >Ma\u00dfnahmen zur Reduktion von Emissionen in der Industrielogistik<\/a><\/h2>\n\n<div class=\"wp-block-post-excerpt\"><p class=\"wp-block-post-excerpt__excerpt\">Der Klimawandel erfordert entschlossene Ma\u00dfnahmen zur Reduzierung von Treibhausgasemissionen. Insbesondere die Industrie- und Transportsektoren spielen dabei eine bedeutende Rolle. In<\/p><p class=\"wp-block-post-excerpt__more-text\"><a class=\"wp-block-post-excerpt__more-link\" href=\"https:\/\/logistics.unileoben.ac.at\/GreenLogistics\/2022\/07\/06\/dekarbonisierung-des-gueterverkehrs-ein-ganzheitlicher-rahmen-fuer-produzierende-unternehmen\/\">Mehr erfahren<\/a><\/p><\/div><\/div>\n<\/div>\n\n<\/li><li class=\"wp-block-post post-24 post type-post status-publish format-standard has-post-thumbnail hentry category-eigene-publikationen\">\n\n<div class=\"wp-block-columns alignwide is-layout-flex wp-container-core-columns-is-layout-9d6595d7 wp-block-columns-is-layout-flex\">\n<div class=\"wp-block-column is-layout-flow wp-block-column-is-layout-flow\" style=\"flex-basis:66.66%\"><figure class=\"wp-block-post-featured-image\"><a href=\"https:\/\/logistics.unileoben.ac.at\/GreenLogistics\/2022\/06\/28\/die-dekarbonisierung-der-industrielogistik-wege-in-eine-nachhaltige-zukunft\/\" target=\"_self\"  ><img loading=\"lazy\" decoding=\"async\" width=\"820\" height=\"742\" src=\"https:\/\/logistics.unileoben.ac.at\/GreenLogistics\/wp-content\/uploads\/2023\/05\/IEEE_Decarbonizing-Industrial-Logistics.gif\" class=\"attachment-post-thumbnail size-post-thumbnail wp-post-image\" alt=\"Management-Ans\u00e4tze f\u00fcr Wege in eine nachhaltige Zukunft\" style=\"object-fit:cover;\" \/><\/a><\/figure><\/div>\n\n\n\n<div class=\"wp-block-column is-layout-flow wp-block-column-is-layout-flow\" style=\"flex-basis:33.33%\"><h2 class=\"wp-block-post-title\"><a href=\"https:\/\/logistics.unileoben.ac.at\/GreenLogistics\/2022\/06\/28\/die-dekarbonisierung-der-industrielogistik-wege-in-eine-nachhaltige-zukunft\/\" target=\"_self\" >Management-Ans\u00e4tze f\u00fcr Wege in eine nachhaltige Zukunft<\/a><\/h2>\n\n<div class=\"wp-block-post-excerpt\"><p class=\"wp-block-post-excerpt__excerpt\">Die Dekarbonisierung des Transports ist eine bedeutende Herausforderung zur Bek\u00e4mpfung des Klimawandels. Der Transportsektor ist eine Branche, die erhebliche Anstrengungen<\/p><p class=\"wp-block-post-excerpt__more-text\"><a class=\"wp-block-post-excerpt__more-link\" href=\"https:\/\/logistics.unileoben.ac.at\/GreenLogistics\/2022\/06\/28\/die-dekarbonisierung-der-industrielogistik-wege-in-eine-nachhaltige-zukunft\/\">Mehr erfahren<\/a><\/p><\/div><\/div>\n<\/div>\n\n<\/li><\/ul><\/div><\/div>\n<\/div>\n","protected":false},"excerpt":{"rendered":"<p>Hier stellen wir Ihnen unsere eigenen Studien und deren Erkenntnisse f\u00fcr das Logistikmanagement vor, die sich mit der Reduzierung von<\/p>\n","protected":false},"author":1,"featured_media":0,"parent":0,"menu_order":0,"comment_status":"closed","ping_status":"closed","template":"full-width.php","meta":{"footnotes":""},"class_list":["post-16","page","type-page","status-publish","hentry"],"_links":{"self":[{"href":"https:\/\/logistics.unileoben.ac.at\/GreenLogistics\/wp-json\/wp\/v2\/pages\/16","targetHints":{"allow":["GET"]}}],"collection":[{"href":"https:\/\/logistics.unileoben.ac.at\/GreenLogistics\/wp-json\/wp\/v2\/pages"}],"about":[{"href":"https:\/\/logistics.unileoben.ac.at\/GreenLogistics\/wp-json\/wp\/v2\/types\/page"}],"author":[{"embeddable":true,"href":"https:\/\/logistics.unileoben.ac.at\/GreenLogistics\/wp-json\/wp\/v2\/users\/1"}],"replies":[{"embeddable":true,"href":"https:\/\/logistics.unileoben.ac.at\/GreenLogistics\/wp-json\/wp\/v2\/comments?post=16"}],"version-history":[{"count":10,"href":"https:\/\/logistics.unileoben.ac.at\/GreenLogistics\/wp-json\/wp\/v2\/pages\/16\/revisions"}],"predecessor-version":[{"id":186,"href":"https:\/\/logistics.unileoben.ac.at\/GreenLogistics\/wp-json\/wp\/v2\/pages\/16\/revisions\/186"}],"wp:attachment":[{"href":"https:\/\/logistics.unileoben.ac.at\/GreenLogistics\/wp-json\/wp\/v2\/media?parent=16"}],"curies":[{"name":"wp","href":"https:\/\/api.w.org\/{rel}","templated":true}]}}