{"id":142,"date":"2023-07-05T08:42:58","date_gmt":"2023-07-05T06:42:58","guid":{"rendered":"https:\/\/logistics.unileoben.ac.at\/GreenLogistics\/?page_id=142"},"modified":"2023-07-05T10:55:32","modified_gmt":"2023-07-05T08:55:32","slug":"tools","status":"publish","type":"page","link":"https:\/\/logistics.unileoben.ac.at\/GreenLogistics\/tools\/","title":{"rendered":"Tools"},"content":{"rendered":"\n<p>Auf dieser Seite findet sich einer Sammlung von von uns entwickelten Tools f\u00fcr produzierende Unternehmen. Mit diesen Tools k\u00f6nnen Sie nicht nur die Emissionen in Ihren Transportprozessen quantifizieren, sondern auch verschiedene Ma\u00dfnahmen zur Emissionsreduktion bewerten und neue M\u00f6glichkeiten zur Reduktion in Ihrem Logistiknetzwerk entdecken. Steigern Sie Ihre Nachhaltigkeitsbem\u00fchungen und optimieren Sie gleichzeitig Ihre Logistikprozesse. Erfahren Sie, wie Sie effektive Schritte zur Emissionsreduktion unternehmen k\u00f6nnen, indem Sie unsere einfachen Tools nutzen. Erforschen Sie jetzt unsere vielf\u00e4ltige Auswahl an Tools und nehmen Sie die Zukunft Ihrer Logistik in die <\/p>\n\n\n\n<p>Wenn Sie Anmerkungen, \u00c4ndeurngsvorschl\u00e4ge oder Individualisierungsw\u00fcnsche haben, wenden Sie sich bitte unter <a href=\"mailto:logistik@unileoben.ac.at\">logistik@unileoben.ac.at<\/a> an uns!<\/p>\n\n\n\n<div class=\"wp-block-query is-layout-flow wp-block-query-is-layout-flow\"><ul class=\"wp-block-post-template is-layout-flow wp-block-post-template-is-layout-flow\"><li class=\"wp-block-post post-224 post type-post status-publish format-standard has-post-thumbnail hentry category-tools tag-verlagerung-auf-die-schiene\">\n\n<div class=\"wp-block-columns alignwide is-layout-flex wp-container-core-columns-is-layout-9d6595d7 wp-block-columns-is-layout-flex\">\n<div class=\"wp-block-column is-layout-flow wp-block-column-is-layout-flow\" style=\"flex-basis:66.66%\"><figure class=\"wp-block-post-featured-image\"><a href=\"https:\/\/logistics.unileoben.ac.at\/GreenLogistics\/2023\/07\/05\/simulationsbasierter-ansatz-zur-co2-reduktion-im-logistiknetzwerk-verlagerung-auf-den-kombinierten-verkehr\/\" target=\"_self\"  ><img loading=\"lazy\" decoding=\"async\" width=\"1933\" height=\"894\" src=\"https:\/\/logistics.unileoben.ac.at\/GreenLogistics\/wp-content\/uploads\/2023\/07\/R_I.jpg\" class=\"attachment-post-thumbnail size-post-thumbnail wp-post-image\" alt=\"Simulationsbasierter Ansatz zur CO2-Reduktion im Logistiknetzwerk: Verlagerung auf den kombinierten Verkehr\" style=\"object-fit:cover;\" srcset=\"https:\/\/logistics.unileoben.ac.at\/GreenLogistics\/wp-content\/uploads\/2023\/07\/R_I.jpg 1933w, https:\/\/logistics.unileoben.ac.at\/GreenLogistics\/wp-content\/uploads\/2023\/07\/R_I-300x139.jpg 300w, https:\/\/logistics.unileoben.ac.at\/GreenLogistics\/wp-content\/uploads\/2023\/07\/R_I-1024x474.jpg 1024w, https:\/\/logistics.unileoben.ac.at\/GreenLogistics\/wp-content\/uploads\/2023\/07\/R_I-768x355.jpg 768w, https:\/\/logistics.unileoben.ac.at\/GreenLogistics\/wp-content\/uploads\/2023\/07\/R_I-1536x710.jpg 1536w\" sizes=\"auto, (max-width: 1933px) 100vw, 1933px\" \/><\/a><\/figure><\/div>\n\n\n\n<div class=\"wp-block-column is-layout-flow wp-block-column-is-layout-flow\" style=\"flex-basis:33.33%\"><h2 class=\"wp-block-post-title\"><a href=\"https:\/\/logistics.unileoben.ac.at\/GreenLogistics\/2023\/07\/05\/simulationsbasierter-ansatz-zur-co2-reduktion-im-logistiknetzwerk-verlagerung-auf-den-kombinierten-verkehr\/\" target=\"_self\" >Simulationsbasierter Ansatz zur CO2-Reduktion im Logistiknetzwerk: Verlagerung auf den kombinierten Verkehr<\/a><\/h2>\n\n<div class=\"wp-block-post-excerpt\"><p class=\"wp-block-post-excerpt__excerpt\">Auf der Suche nach effektiven L\u00f6sungen zur Reduzierung von CO2-Emissionen in der Logistikbranche hat ein simulationsbasierter Ansatz das Potenzial, detaillierte <\/p><\/div><\/div>\n<\/div>\n\n<\/li><li class=\"wp-block-post post-147 post type-post status-publish format-standard has-post-thumbnail hentry category-eigene-publikationen category-tools\">\n\n<div class=\"wp-block-columns alignwide is-layout-flex wp-container-core-columns-is-layout-9d6595d7 wp-block-columns-is-layout-flex\">\n<div class=\"wp-block-column is-layout-flow wp-block-column-is-layout-flow\" style=\"flex-basis:66.66%\"><figure class=\"wp-block-post-featured-image\"><a href=\"https:\/\/logistics.unileoben.ac.at\/GreenLogistics\/2023\/06\/23\/evaluierung-von-massnahmen\/\" target=\"_self\"  ><img loading=\"lazy\" decoding=\"async\" width=\"1680\" height=\"1000\" src=\"https:\/\/logistics.unileoben.ac.at\/GreenLogistics\/wp-content\/uploads\/2023\/07\/great_log_exemplar.png\" class=\"attachment-post-thumbnail size-post-thumbnail wp-post-image\" alt=\"Tool zur Evaluierung von CO2-senkenden Ma\u00dfnahmen\" style=\"object-fit:cover;\" srcset=\"https:\/\/logistics.unileoben.ac.at\/GreenLogistics\/wp-content\/uploads\/2023\/07\/great_log_exemplar.png 1680w, https:\/\/logistics.unileoben.ac.at\/GreenLogistics\/wp-content\/uploads\/2023\/07\/great_log_exemplar-300x179.png 300w, https:\/\/logistics.unileoben.ac.at\/GreenLogistics\/wp-content\/uploads\/2023\/07\/great_log_exemplar-1024x610.png 1024w, https:\/\/logistics.unileoben.ac.at\/GreenLogistics\/wp-content\/uploads\/2023\/07\/great_log_exemplar-768x457.png 768w, https:\/\/logistics.unileoben.ac.at\/GreenLogistics\/wp-content\/uploads\/2023\/07\/great_log_exemplar-1536x914.png 1536w\" sizes=\"auto, (max-width: 1680px) 100vw, 1680px\" \/><\/a><\/figure><\/div>\n\n\n\n<div class=\"wp-block-column is-layout-flow wp-block-column-is-layout-flow\" style=\"flex-basis:33.33%\"><h2 class=\"wp-block-post-title\"><a href=\"https:\/\/logistics.unileoben.ac.at\/GreenLogistics\/2023\/06\/23\/evaluierung-von-massnahmen\/\" target=\"_self\" >Tool zur Evaluierung von CO2-senkenden Ma\u00dfnahmen<\/a><\/h2>\n\n<div class=\"wp-block-post-excerpt\"><p class=\"wp-block-post-excerpt__excerpt\">Im Zuge einer Studie wurde ein Tool entwickelt, das Entscheidungstr\u00e4ger in produzierenden Unternehmen dabei unterst\u00fctzt, die vielversprechendsten unternehmensbezogenen Ma\u00dfnahmen f\u00fcr <\/p><\/div><\/div>\n<\/div>\n\n<\/li><li class=\"wp-block-post post-157 post type-post status-publish format-standard has-post-thumbnail hentry category-tools\">\n\n<div class=\"wp-block-columns alignwide is-layout-flex wp-container-core-columns-is-layout-9d6595d7 wp-block-columns-is-layout-flex\">\n<div class=\"wp-block-column is-layout-flow wp-block-column-is-layout-flow\" style=\"flex-basis:66.66%\"><figure class=\"wp-block-post-featured-image\"><a href=\"https:\/\/logistics.unileoben.ac.at\/GreenLogistics\/2023\/06\/22\/vorlage-zur-berechnung-von-co2-vermeidungskosten\/\" target=\"_self\"  ><img loading=\"lazy\" decoding=\"async\" width=\"1725\" height=\"785\" src=\"https:\/\/logistics.unileoben.ac.at\/GreenLogistics\/wp-content\/uploads\/2023\/07\/vrmeidungskosten-berechnungsblatt.png\" class=\"attachment-post-thumbnail size-post-thumbnail wp-post-image\" alt=\"Vorlage zur Berechnung von CO2-Vermeidungskosten\" style=\"object-fit:cover;\" srcset=\"https:\/\/logistics.unileoben.ac.at\/GreenLogistics\/wp-content\/uploads\/2023\/07\/vrmeidungskosten-berechnungsblatt.png 1725w, https:\/\/logistics.unileoben.ac.at\/GreenLogistics\/wp-content\/uploads\/2023\/07\/vrmeidungskosten-berechnungsblatt-300x137.png 300w, https:\/\/logistics.unileoben.ac.at\/GreenLogistics\/wp-content\/uploads\/2023\/07\/vrmeidungskosten-berechnungsblatt-1024x466.png 1024w, https:\/\/logistics.unileoben.ac.at\/GreenLogistics\/wp-content\/uploads\/2023\/07\/vrmeidungskosten-berechnungsblatt-768x349.png 768w, https:\/\/logistics.unileoben.ac.at\/GreenLogistics\/wp-content\/uploads\/2023\/07\/vrmeidungskosten-berechnungsblatt-1536x699.png 1536w\" sizes=\"auto, (max-width: 1725px) 100vw, 1725px\" \/><\/a><\/figure><\/div>\n\n\n\n<div class=\"wp-block-column is-layout-flow wp-block-column-is-layout-flow\" style=\"flex-basis:33.33%\"><h2 class=\"wp-block-post-title\"><a href=\"https:\/\/logistics.unileoben.ac.at\/GreenLogistics\/2023\/06\/22\/vorlage-zur-berechnung-von-co2-vermeidungskosten\/\" target=\"_self\" >Vorlage zur Berechnung von CO2-Vermeidungskosten<\/a><\/h2>\n\n<div class=\"wp-block-post-excerpt\"><p class=\"wp-block-post-excerpt__excerpt\">Die Notwendigkeit, unsere Umweltbelastung zu reduzieren und den Klimawandel einzud\u00e4mmen, ist heute wichtiger denn je. Besonders im Bereich der Logistik, <\/p><\/div><\/div>\n<\/div>\n\n<\/li><li class=\"wp-block-post post-165 post type-post status-publish format-standard has-post-thumbnail hentry category-tools tag-verlagerung-auf-die-schiene\">\n\n<div class=\"wp-block-columns alignwide is-layout-flex wp-container-core-columns-is-layout-9d6595d7 wp-block-columns-is-layout-flex\">\n<div class=\"wp-block-column is-layout-flow wp-block-column-is-layout-flow\" style=\"flex-basis:66.66%\"><figure class=\"wp-block-post-featured-image\"><a href=\"https:\/\/logistics.unileoben.ac.at\/GreenLogistics\/2023\/03\/23\/vorlage-zur-berechnung-von-co2-emissionen-im-kombinierten-verkehr\/\" target=\"_self\"  ><img loading=\"lazy\" decoding=\"async\" width=\"1632\" height=\"745\" src=\"https:\/\/logistics.unileoben.ac.at\/GreenLogistics\/wp-content\/uploads\/2023\/07\/emissionen-kombinierter-verkehr-exemplar.png\" class=\"attachment-post-thumbnail size-post-thumbnail wp-post-image\" alt=\"Vorlage zur Berechnung von CO2-Emissionen im kombinierten Verkehr\" style=\"object-fit:cover;\" srcset=\"https:\/\/logistics.unileoben.ac.at\/GreenLogistics\/wp-content\/uploads\/2023\/07\/emissionen-kombinierter-verkehr-exemplar.png 1632w, https:\/\/logistics.unileoben.ac.at\/GreenLogistics\/wp-content\/uploads\/2023\/07\/emissionen-kombinierter-verkehr-exemplar-300x137.png 300w, https:\/\/logistics.unileoben.ac.at\/GreenLogistics\/wp-content\/uploads\/2023\/07\/emissionen-kombinierter-verkehr-exemplar-1024x467.png 1024w, https:\/\/logistics.unileoben.ac.at\/GreenLogistics\/wp-content\/uploads\/2023\/07\/emissionen-kombinierter-verkehr-exemplar-768x351.png 768w, https:\/\/logistics.unileoben.ac.at\/GreenLogistics\/wp-content\/uploads\/2023\/07\/emissionen-kombinierter-verkehr-exemplar-1536x701.png 1536w\" sizes=\"auto, (max-width: 1632px) 100vw, 1632px\" \/><\/a><\/figure><\/div>\n\n\n\n<div class=\"wp-block-column is-layout-flow wp-block-column-is-layout-flow\" style=\"flex-basis:33.33%\"><h2 class=\"wp-block-post-title\"><a href=\"https:\/\/logistics.unileoben.ac.at\/GreenLogistics\/2023\/03\/23\/vorlage-zur-berechnung-von-co2-emissionen-im-kombinierten-verkehr\/\" target=\"_self\" >Vorlage zur Berechnung von CO2-Emissionen im kombinierten Verkehr<\/a><\/h2>\n\n<div class=\"wp-block-post-excerpt\"><p class=\"wp-block-post-excerpt__excerpt\">Die Verringerung von CO2-Emissionen ist heute eine der gr\u00f6\u00dften Herausforderungen, denen wir uns stellen m\u00fcssen, um den Klimawandel einzud\u00e4mmen. In <\/p><\/div><\/div>\n<\/div>\n\n<\/li><\/ul><\/div>\n","protected":false},"excerpt":{"rendered":"<p>Auf dieser Seite findet sich einer Sammlung von von uns entwickelten Tools f\u00fcr produzierende Unternehmen. Mit diesen Tools k\u00f6nnen Sie<\/p>\n","protected":false},"author":1,"featured_media":0,"parent":0,"menu_order":0,"comment_status":"closed","ping_status":"closed","template":"full-width.php","meta":{"footnotes":""},"class_list":["post-142","page","type-page","status-publish","hentry"],"_links":{"self":[{"href":"https:\/\/logistics.unileoben.ac.at\/GreenLogistics\/wp-json\/wp\/v2\/pages\/142","targetHints":{"allow":["GET"]}}],"collection":[{"href":"https:\/\/logistics.unileoben.ac.at\/GreenLogistics\/wp-json\/wp\/v2\/pages"}],"about":[{"href":"https:\/\/logistics.unileoben.ac.at\/GreenLogistics\/wp-json\/wp\/v2\/types\/page"}],"author":[{"embeddable":true,"href":"https:\/\/logistics.unileoben.ac.at\/GreenLogistics\/wp-json\/wp\/v2\/users\/1"}],"replies":[{"embeddable":true,"href":"https:\/\/logistics.unileoben.ac.at\/GreenLogistics\/wp-json\/wp\/v2\/comments?post=142"}],"version-history":[{"count":8,"href":"https:\/\/logistics.unileoben.ac.at\/GreenLogistics\/wp-json\/wp\/v2\/pages\/142\/revisions"}],"predecessor-version":[{"id":189,"href":"https:\/\/logistics.unileoben.ac.at\/GreenLogistics\/wp-json\/wp\/v2\/pages\/142\/revisions\/189"}],"wp:attachment":[{"href":"https:\/\/logistics.unileoben.ac.at\/GreenLogistics\/wp-json\/wp\/v2\/media?parent=142"}],"curies":[{"name":"wp","href":"https:\/\/api.w.org\/{rel}","templated":true}]}}